{"id":3927,"date":"2025-06-17T15:25:05","date_gmt":"2025-06-17T13:25:05","guid":{"rendered":"https:\/\/lonati.asuar.eu\/thank-you-page\/"},"modified":"2026-03-31T15:03:37","modified_gmt":"2026-03-31T13:03:37","slug":"thank-you-page","status":"publish","type":"page","link":"https:\/\/tecnopea.com\/en\/thank-you-page\/","title":{"rendered":"Thank you page"},"content":{"rendered":"\t\t<div data-elementor-type=\"wp-page\" data-elementor-id=\"3927\" class=\"elementor elementor-3927 elementor-7884\" wpc-filter-elementor-widget=\"1\" data-elementor-post-type=\"page\">\n\t\t\t\t<div class=\"elementor-element elementor-element-aa1ac50 e-flex e-con-boxed e-con e-parent\" data-id=\"aa1ac50\" data-element_type=\"container\" data-e-type=\"container\" data-settings=\"{&quot;background_background&quot;:&quot;classic&quot;}\">\n\t\t\t\t\t<div class=\"e-con-inner\">\n\t\t<div class=\"elementor-element elementor-element-34ec475 e-con-full e-flex e-con e-child\" data-id=\"34ec475\" data-element_type=\"container\" data-e-type=\"container\">\n\t\t<div class=\"elementor-element elementor-element-a63810f e-con-full e-flex e-con e-child\" data-id=\"a63810f\" data-element_type=\"container\" data-e-type=\"container\">\n\t\t\t\t<div class=\"elementor-element elementor-element-2de138f elementor-invisible elementor-widget elementor-widget-heading\" data-id=\"2de138f\" data-element_type=\"widget\" data-e-type=\"widget\" data-settings=\"{&quot;_animation&quot;:&quot;fadeIn&quot;}\" data-widget_type=\"heading.default\">\n\t\t\t\t<div class=\"elementor-widget-container\">\n\t\t\t\t\t<h1 class=\"elementor-heading-title elementor-size-default\">Grazie per averci contattato<\/h1>\t\t\t\t<\/div>\n\t\t\t\t<\/div>\n\t\t\t\t<\/div>\n\t\t\t\t<\/div>\n\t\t\t\t\t<\/div>\n\t\t\t\t<\/div>\n\t\t<div class=\"elementor-element elementor-element-f8abea2 e-flex e-con-boxed e-con e-parent\" data-id=\"f8abea2\" data-element_type=\"container\" data-e-type=\"container\">\n\t\t\t\t\t<div class=\"e-con-inner\">\n\t\t<div class=\"elementor-element elementor-element-1e1e23f e-con-full e-flex e-con e-child\" data-id=\"1e1e23f\" data-element_type=\"container\" data-e-type=\"container\">\n\t\t\t\t<div class=\"elementor-element elementor-element-60077ad elementor-widget elementor-widget-text-editor\" data-id=\"60077ad\" data-element_type=\"widget\" data-e-type=\"widget\" data-widget_type=\"text-editor.default\">\n\t\t\t\t<div class=\"elementor-widget-container\">\n\t\t\t\t\t\t\t\t\t<p>Il tuo messaggio \u00e8 stato inviato correttamente.<br \/>Siamo lieti di aver ricevuto la tua richiesta e ti ringraziamo per l&#8217;interesse dimostrato nei confronti di Tecnopea<\/p><h1 data-start=\"462\" data-end=\"503\">La tua richiesta \u00e8 importante per noi.<\/h1><p data-start=\"505\" data-end=\"789\"><br data-start=\"595\" data-end=\"598\" \/>Il nostro team sta gi\u00e0 esaminando la richiesta con la massima attenzione e vi ricontatter\u00e0 al pi\u00f9 presto per fornirvi una risposta dettagliata e personalizzata in base alle vostre esigenze.<\/p><h3 data-start=\"1276\" data-end=\"1289\">\u00a0<\/h3>\t\t\t\t\t\t\t\t<\/div>\n\t\t\t\t<\/div>\n\t\t\t\t<\/div>\n\t\t\t\t\t<\/div>\n\t\t\t\t<\/div>\n\t\t\t\t<\/div>\n\t\t","protected":false},"excerpt":{"rendered":"<p>Call or send us a message, our headquarters in Brescia or our agents worldwide will be delighted to meet your requests or requirements.<\/p>\n","protected":false},"author":1,"featured_media":0,"parent":0,"menu_order":0,"comment_status":"closed","ping_status":"closed","template":"","meta":{"_acf_changed":false,"footnotes":""},"class_list":["post-3927","page","type-page","status-publish","hentry"],"acf":[],"yoast_head":"<!-- This site is optimized with the Yoast SEO plugin v27.5 - https:\/\/yoast.com\/product\/yoast-seo-wordpress\/ -->\n<title>Thank you for your message \u2013 Lonati S.p.A.<\/title>\n<meta name=\"robots\" content=\"index, follow, max-snippet:-1, max-image-preview:large, max-video-preview:-1\" \/>\n<link rel=\"canonical\" href=\"https:\/\/tecnopea.com\/thank-you-page\/\" \/>\n<meta property=\"og:locale\" content=\"en_US\" \/>\n<meta property=\"og:type\" content=\"article\" \/>\n<meta property=\"og:title\" content=\"Thank you for your message \u2013 Lonati S.p.A.\" \/>\n<meta property=\"og:description\" content=\"Call or send us a message, our headquarters in Brescia or our agents worldwide will be delighted to meet your requests or requirements.\" \/>\n<meta property=\"og:url\" content=\"https:\/\/tecnopea.com\/thank-you-page\/\" \/>\n<meta property=\"og:site_name\" content=\"Tecnopea\" \/>\n<meta property=\"article:modified_time\" content=\"2026-03-31T13:03:37+00:00\" \/>\n<meta name=\"twitter:card\" content=\"summary_large_image\" \/>\n<meta name=\"twitter:label1\" content=\"Est. reading time\" \/>\n\t<meta name=\"twitter:data1\" content=\"1 minute\" \/>\n<script type=\"application\/ld+json\" class=\"yoast-schema-graph\">{\"@context\":\"https:\\\/\\\/schema.org\",\"@graph\":[{\"@type\":\"WebPage\",\"@id\":\"https:\\\/\\\/tecnopea.com\\\/thank-you-page\\\/\",\"url\":\"https:\\\/\\\/tecnopea.com\\\/thank-you-page\\\/\",\"name\":\"Thank you for your message \u2013 Lonati S.p.A.\",\"isPartOf\":{\"@id\":\"https:\\\/\\\/tecnopea.com\\\/#website\"},\"datePublished\":\"2025-06-17T13:25:05+00:00\",\"dateModified\":\"2026-03-31T13:03:37+00:00\",\"breadcrumb\":{\"@id\":\"https:\\\/\\\/tecnopea.com\\\/thank-you-page\\\/#breadcrumb\"},\"inLanguage\":\"en-US\",\"potentialAction\":[{\"@type\":\"ReadAction\",\"target\":[\"https:\\\/\\\/tecnopea.com\\\/thank-you-page\\\/\"]}]},{\"@type\":\"BreadcrumbList\",\"@id\":\"https:\\\/\\\/tecnopea.com\\\/thank-you-page\\\/#breadcrumb\",\"itemListElement\":[{\"@type\":\"ListItem\",\"position\":1,\"name\":\"Home\",\"item\":\"https:\\\/\\\/tecnopea.com\\\/en\\\/home-page\\\/\"},{\"@type\":\"ListItem\",\"position\":2,\"name\":\"Thank you page\"}]},{\"@type\":\"WebSite\",\"@id\":\"https:\\\/\\\/tecnopea.com\\\/#website\",\"url\":\"https:\\\/\\\/tecnopea.com\\\/\",\"name\":\"Tecnopea\",\"description\":\"In your shoes since 1946.\",\"potentialAction\":[{\"@type\":\"SearchAction\",\"target\":{\"@type\":\"EntryPoint\",\"urlTemplate\":\"https:\\\/\\\/tecnopea.com\\\/?s={search_term_string}\"},\"query-input\":{\"@type\":\"PropertyValueSpecification\",\"valueRequired\":true,\"valueName\":\"search_term_string\"}}],\"inLanguage\":\"en-US\"}]}<\/script>\n<!-- \/ Yoast SEO plugin. -->","yoast_head_json":{"title":"Thank you for your message \u2013 Lonati S.p.A.","robots":{"index":"index","follow":"follow","max-snippet":"max-snippet:-1","max-image-preview":"max-image-preview:large","max-video-preview":"max-video-preview:-1"},"canonical":"https:\/\/tecnopea.com\/thank-you-page\/","og_locale":"en_US","og_type":"article","og_title":"Thank you for your message \u2013 Lonati S.p.A.","og_description":"Call or send us a message, our headquarters in Brescia or our agents worldwide will be delighted to meet your requests or requirements.","og_url":"https:\/\/tecnopea.com\/thank-you-page\/","og_site_name":"Tecnopea","article_modified_time":"2026-03-31T13:03:37+00:00","twitter_card":"summary_large_image","twitter_misc":{"Est. reading time":"1 minute"},"schema":{"@context":"https:\/\/schema.org","@graph":[{"@type":"WebPage","@id":"https:\/\/tecnopea.com\/thank-you-page\/","url":"https:\/\/tecnopea.com\/thank-you-page\/","name":"Thank you for your message \u2013 Lonati S.p.A.","isPartOf":{"@id":"https:\/\/tecnopea.com\/#website"},"datePublished":"2025-06-17T13:25:05+00:00","dateModified":"2026-03-31T13:03:37+00:00","breadcrumb":{"@id":"https:\/\/tecnopea.com\/thank-you-page\/#breadcrumb"},"inLanguage":"en-US","potentialAction":[{"@type":"ReadAction","target":["https:\/\/tecnopea.com\/thank-you-page\/"]}]},{"@type":"BreadcrumbList","@id":"https:\/\/tecnopea.com\/thank-you-page\/#breadcrumb","itemListElement":[{"@type":"ListItem","position":1,"name":"Home","item":"https:\/\/tecnopea.com\/en\/home-page\/"},{"@type":"ListItem","position":2,"name":"Thank you page"}]},{"@type":"WebSite","@id":"https:\/\/tecnopea.com\/#website","url":"https:\/\/tecnopea.com\/","name":"Tecnopea","description":"In your shoes since 1946.","potentialAction":[{"@type":"SearchAction","target":{"@type":"EntryPoint","urlTemplate":"https:\/\/tecnopea.com\/?s={search_term_string}"},"query-input":{"@type":"PropertyValueSpecification","valueRequired":true,"valueName":"search_term_string"}}],"inLanguage":"en-US"}]}},"_links":{"self":[{"href":"https:\/\/tecnopea.com\/en\/wp-json\/wp\/v2\/pages\/3927","targetHints":{"allow":["GET"]}}],"collection":[{"href":"https:\/\/tecnopea.com\/en\/wp-json\/wp\/v2\/pages"}],"about":[{"href":"https:\/\/tecnopea.com\/en\/wp-json\/wp\/v2\/types\/page"}],"author":[{"embeddable":true,"href":"https:\/\/tecnopea.com\/en\/wp-json\/wp\/v2\/users\/1"}],"replies":[{"embeddable":true,"href":"https:\/\/tecnopea.com\/en\/wp-json\/wp\/v2\/comments?post=3927"}],"version-history":[{"count":6,"href":"https:\/\/tecnopea.com\/en\/wp-json\/wp\/v2\/pages\/3927\/revisions"}],"predecessor-version":[{"id":7179,"href":"https:\/\/tecnopea.com\/en\/wp-json\/wp\/v2\/pages\/3927\/revisions\/7179"}],"wp:attachment":[{"href":"https:\/\/tecnopea.com\/en\/wp-json\/wp\/v2\/media?parent=3927"}],"curies":[{"name":"wp","href":"https:\/\/api.w.org\/{rel}","templated":true}]}}